{"id":2394044,"date":"2025-05-28T13:34:38","date_gmt":"2025-05-28T11:34:38","guid":{"rendered":"https:\/\/adveez.com\/?page_id=2394044"},"modified":"2025-06-02T09:39:04","modified_gmt":"2025-06-02T07:39:04","slug":"duplicated-offres-demploi-17070","status":"publish","type":"page","link":"https:\/\/adveez.com\/fr\/duplicated-offres-demploi-17070\/","title":{"rendered":"Ressources"},"content":{"rendered":"\t\t<div data-elementor-type=\"wp-page\" data-elementor-id=\"2394044\" class=\"elementor elementor-2394044\" data-elementor-post-type=\"page\">\n\t\t\t\t\t\t<section class=\"elementor-section elementor-top-section elementor-element elementor-element-10a294d9 elementor-section-height-min-height elementor-section-content-middle elementor-section-boxed elementor-section-height-default elementor-section-items-middle\" data-id=\"10a294d9\" data-element_type=\"section\" data-e-type=\"section\" data-settings=\"{&quot;background_background&quot;:&quot;classic&quot;,&quot;ekit_has_onepagescroll_dot&quot;:&quot;yes&quot;}\">\n\t\t\t\t\t\t\t<div class=\"elementor-background-overlay\"><\/div>\n\t\t\t\t\t\t\t<div class=\"elementor-container elementor-column-gap-default\">\n\t\t\t\t\t<div class=\"elementor-column elementor-col-33 elementor-top-column elementor-element elementor-element-1d592e92\" data-id=\"1d592e92\" data-element_type=\"column\" data-e-type=\"column\">\n\t\t\t<div class=\"elementor-widget-wrap\">\n\t\t\t\t\t\t\t<\/div>\n\t\t<\/div>\n\t\t\t\t<div class=\"elementor-column elementor-col-33 elementor-top-column elementor-element elementor-element-5ba19e2e\" data-id=\"5ba19e2e\" data-element_type=\"column\" data-e-type=\"column\">\n\t\t\t<div class=\"elementor-widget-wrap elementor-element-populated\">\n\t\t\t\t\t\t<div class=\"elementor-element elementor-element-39fc9123 elementor-widget-divider--view-line de_scroll_animation_no elementor-widget elementor-widget-divider\" data-id=\"39fc9123\" data-element_type=\"widget\" data-e-type=\"widget\" data-settings=\"{&quot;ekit_we_effect_on&quot;:&quot;none&quot;}\" data-widget_type=\"divider.default\">\n\t\t\t\t<div class=\"elementor-widget-container\">\n\t\t\t\t\t\t\t<div class=\"elementor-divider\">\n\t\t\t<span class=\"elementor-divider-separator\">\n\t\t\t\t\t\t<\/span>\n\t\t<\/div>\n\t\t\t\t\t\t<\/div>\n\t\t\t\t<\/div>\n\t\t\t\t<div class=\"elementor-element elementor-element-ba254aa de_scroll_animation_no elementor-invisible elementor-widget elementor-widget-elementskit-heading\" data-id=\"ba254aa\" data-element_type=\"widget\" data-e-type=\"widget\" data-settings=\"{&quot;_animation&quot;:&quot;fadeInUp&quot;,&quot;ekit_we_effect_on&quot;:&quot;none&quot;}\" data-widget_type=\"elementskit-heading.default\">\n\t\t\t\t<div class=\"elementor-widget-container\">\n\t\t\t\t\t<div class=\"ekit-wid-con\" ><div class=\"ekit-heading elementskit-section-title-wraper text_center   ekit_heading_tablet-   ekit_heading_mobile-\"><h1 class=\"ekit-heading--title elementskit-section-title \"><span><span>Ressources<\/span><\/span><\/h1><\/div><\/div>\t\t\t\t<\/div>\n\t\t\t\t<\/div>\n\t\t\t\t<div class=\"elementor-element elementor-element-4b11ee09 de_scroll_animation_no elementor-widget elementor-widget-text-editor\" data-id=\"4b11ee09\" data-element_type=\"widget\" data-e-type=\"widget\" data-settings=\"{&quot;ekit_we_effect_on&quot;:&quot;none&quot;}\" data-widget_type=\"text-editor.default\">\n\t\t\t\t<div class=\"elementor-widget-container\">\n\t\t\t\t\t\t\t\t\t<p>Bienvenue sur notre page <strong>Ressources<\/strong>. Vous y trouverez des documents cl\u00e9s tels que notre <strong>certification ISO 9001<\/strong>, notre <strong>politique d\u2019achats<\/strong> et nos <strong>conditions g\u00e9n\u00e9rales d\u2019achat (CGA)<\/strong> \u2014 tous essentiels pour comprendre nos normes et engagements.<\/p>\t\t\t\t\t\t\t\t<\/div>\n\t\t\t\t<\/div>\n\t\t\t\t\t<\/div>\n\t\t<\/div>\n\t\t\t\t<div class=\"elementor-column elementor-col-33 elementor-top-column elementor-element elementor-element-343860af\" data-id=\"343860af\" data-element_type=\"column\" data-e-type=\"column\">\n\t\t\t<div class=\"elementor-widget-wrap\">\n\t\t\t\t\t\t\t<\/div>\n\t\t<\/div>\n\t\t\t\t\t<\/div>\n\t\t<\/section>\n\t\t\t\t<section class=\"elementor-section elementor-top-section elementor-element elementor-element-e053e84 elementor-section-boxed elementor-section-height-default elementor-section-height-default\" data-id=\"e053e84\" data-element_type=\"section\" data-e-type=\"section\" data-settings=\"{&quot;ekit_has_onepagescroll_dot&quot;:&quot;yes&quot;}\">\n\t\t\t\t\t\t<div class=\"elementor-container elementor-column-gap-default\">\n\t\t\t\t\t<div class=\"elementor-column elementor-col-100 elementor-top-column elementor-element elementor-element-87075a6\" data-id=\"87075a6\" data-element_type=\"column\" data-e-type=\"column\">\n\t\t\t<div class=\"elementor-widget-wrap elementor-element-populated\">\n\t\t\t\t\t\t<div class=\"elementor-element elementor-element-9d496c6 de_scroll_animation_no elementor-widget elementor-widget-spacer\" data-id=\"9d496c6\" data-element_type=\"widget\" data-e-type=\"widget\" data-settings=\"{&quot;ekit_we_effect_on&quot;:&quot;none&quot;}\" data-widget_type=\"spacer.default\">\n\t\t\t\t<div class=\"elementor-widget-container\">\n\t\t\t\t\t\t\t<div class=\"elementor-spacer\">\n\t\t\t<div class=\"elementor-spacer-inner\"><\/div>\n\t\t<\/div>\n\t\t\t\t\t\t<\/div>\n\t\t\t\t<\/div>\n\t\t\t\t\t<\/div>\n\t\t<\/div>\n\t\t\t\t\t<\/div>\n\t\t<\/section>\n\t\t\t\t<section class=\"elementor-section elementor-top-section elementor-element elementor-element-846c283 elementor-section-boxed elementor-section-height-default elementor-section-height-default\" data-id=\"846c283\" data-element_type=\"section\" data-e-type=\"section\" data-settings=\"{&quot;ekit_has_onepagescroll_dot&quot;:&quot;yes&quot;}\">\n\t\t\t\t\t\t<div class=\"elementor-container elementor-column-gap-default\">\n\t\t\t\t\t<div class=\"elementor-column elementor-col-25 elementor-top-column elementor-element elementor-element-6ed5c79\" data-id=\"6ed5c79\" data-element_type=\"column\" data-e-type=\"column\">\n\t\t\t<div class=\"elementor-widget-wrap elementor-element-populated\">\n\t\t\t\t\t\t<div class=\"elementor-element elementor-element-d82a7a6 de_scroll_animation_no elementor-widget elementor-widget-image\" data-id=\"d82a7a6\" data-element_type=\"widget\" data-e-type=\"widget\" data-settings=\"{&quot;ekit_we_effect_on&quot;:&quot;none&quot;}\" data-widget_type=\"image.default\">\n\t\t\t\t<div class=\"elementor-widget-container\">\n\t\t\t\t\t\t\t\t\t\t\t\t<figure class=\"wp-caption\">\n\t\t\t\t\t\t\t\t\t\t\t<a href=\"https:\/\/adveez.com\/wp-content\/uploads\/2025\/05\/ADD-A-018-01_Adveez-CGA_FR.pdf\" target=\"_blank\" download=\"Conditions G\u00e9n\u00e9rales d&#039;Achat\">\n\t\t\t\t\t\t\t<img fetchpriority=\"high\" decoding=\"async\" width=\"212\" height=\"300\" src=\"https:\/\/adveez.com\/wp-content\/uploads\/2025\/05\/CGA-212x300.png\" class=\"elementor-animation-float attachment-medium size-medium wp-image-2394078\" alt=\"\" srcset=\"https:\/\/adveez.com\/wp-content\/uploads\/2025\/05\/CGA-212x300.png 212w, https:\/\/adveez.com\/wp-content\/uploads\/2025\/05\/CGA.png 557w\" sizes=\"(max-width: 212px) 100vw, 212px\" \/>\t\t\t\t\t\t\t\t<\/a>\n\t\t\t\t\t\t\t\t\t\t\t<figcaption class=\"widget-image-caption wp-caption-text\">Conditions G\u00e9n\u00e9rales d'Achat<\/figcaption>\n\t\t\t\t\t\t\t\t\t\t<\/figure>\n\t\t\t\t\t\t\t\t\t<\/div>\n\t\t\t\t<\/div>\n\t\t\t\t\t<\/div>\n\t\t<\/div>\n\t\t\t\t<div class=\"elementor-column elementor-col-25 elementor-top-column elementor-element elementor-element-96f724f\" data-id=\"96f724f\" data-element_type=\"column\" data-e-type=\"column\">\n\t\t\t<div class=\"elementor-widget-wrap elementor-element-populated\">\n\t\t\t\t\t\t<div class=\"elementor-element elementor-element-38d67f7 de_scroll_animation_no elementor-widget elementor-widget-image\" data-id=\"38d67f7\" data-element_type=\"widget\" data-e-type=\"widget\" data-settings=\"{&quot;ekit_we_effect_on&quot;:&quot;none&quot;}\" data-widget_type=\"image.default\">\n\t\t\t\t<div class=\"elementor-widget-container\">\n\t\t\t\t\t\t\t\t\t\t\t\t<figure class=\"wp-caption\">\n\t\t\t\t\t\t\t\t\t\t\t<a href=\"https:\/\/adveez.com\/wp-content\/uploads\/2025\/05\/Politique-Achat-Responsable-ADVEEZ_2024-2028.pdf\" target=\"_blank\" download=\"Politique d&#039;Achat Responsable\">\n\t\t\t\t\t\t\t<img decoding=\"async\" width=\"211\" height=\"300\" src=\"https:\/\/adveez.com\/wp-content\/uploads\/2025\/05\/Photo-politique-achat-211x300.png\" class=\"elementor-animation-float attachment-medium size-medium wp-image-2380386\" alt=\"\" srcset=\"https:\/\/adveez.com\/wp-content\/uploads\/2025\/05\/Photo-politique-achat-211x300.png 211w, https:\/\/adveez.com\/wp-content\/uploads\/2025\/05\/Photo-politique-achat.png 558w\" sizes=\"(max-width: 211px) 100vw, 211px\" \/>\t\t\t\t\t\t\t\t<\/a>\n\t\t\t\t\t\t\t\t\t\t\t<figcaption class=\"widget-image-caption wp-caption-text\">Politique d'Achat Responsable<\/figcaption>\n\t\t\t\t\t\t\t\t\t\t<\/figure>\n\t\t\t\t\t\t\t\t\t<\/div>\n\t\t\t\t<\/div>\n\t\t\t\t\t<\/div>\n\t\t<\/div>\n\t\t\t\t<div class=\"elementor-column elementor-col-25 elementor-top-column elementor-element elementor-element-5a23774\" data-id=\"5a23774\" data-element_type=\"column\" data-e-type=\"column\">\n\t\t\t<div class=\"elementor-widget-wrap elementor-element-populated\">\n\t\t\t\t\t\t<div class=\"elementor-element elementor-element-35bdb4f de_scroll_animation_no elementor-widget elementor-widget-image\" data-id=\"35bdb4f\" data-element_type=\"widget\" data-e-type=\"widget\" data-settings=\"{&quot;ekit_we_effect_on&quot;:&quot;none&quot;}\" data-widget_type=\"image.default\">\n\t\t\t\t<div class=\"elementor-widget-container\">\n\t\t\t\t\t\t\t\t\t\t\t\t<figure class=\"wp-caption\">\n\t\t\t\t\t\t\t\t\t\t\t<a href=\"https:\/\/adveez.com\/wp-content\/uploads\/2025\/05\/Politique-Qualite-ADVEEZ.pdf\" target=\"_blank\" download=\"Politique Qualit\u00e9\">\n\t\t\t\t\t\t\t<img decoding=\"async\" width=\"226\" height=\"300\" src=\"https:\/\/adveez.com\/wp-content\/uploads\/2025\/05\/Politique-qualite-226x300.png\" class=\"elementor-animation-float attachment-medium size-medium wp-image-2394349\" alt=\"\" srcset=\"https:\/\/adveez.com\/wp-content\/uploads\/2025\/05\/Politique-qualite-226x300.png 226w, https:\/\/adveez.com\/wp-content\/uploads\/2025\/05\/Politique-qualite.png 722w\" sizes=\"(max-width: 226px) 100vw, 226px\" \/>\t\t\t\t\t\t\t\t<\/a>\n\t\t\t\t\t\t\t\t\t\t\t<figcaption class=\"widget-image-caption wp-caption-text\">Politique Qualit\u00e9<\/figcaption>\n\t\t\t\t\t\t\t\t\t\t<\/figure>\n\t\t\t\t\t\t\t\t\t<\/div>\n\t\t\t\t<\/div>\n\t\t\t\t\t<\/div>\n\t\t<\/div>\n\t\t\t\t<div class=\"elementor-column elementor-col-25 elementor-top-column elementor-element elementor-element-5bc1bd2\" data-id=\"5bc1bd2\" data-element_type=\"column\" data-e-type=\"column\">\n\t\t\t<div class=\"elementor-widget-wrap elementor-element-populated\">\n\t\t\t\t\t\t<div class=\"elementor-element elementor-element-ac0386f de_scroll_animation_no elementor-widget elementor-widget-image\" data-id=\"ac0386f\" data-element_type=\"widget\" data-e-type=\"widget\" data-settings=\"{&quot;ekit_we_effect_on&quot;:&quot;none&quot;}\" data-widget_type=\"image.default\">\n\t\t\t\t<div class=\"elementor-widget-container\">\n\t\t\t\t\t\t\t\t\t\t\t\t<figure class=\"wp-caption\">\n\t\t\t\t\t\t\t\t\t\t\t<a href=\"https:\/\/adveez.com\/wp-content\/uploads\/2025\/05\/CERTIFICAT-ISO9001-13204117-ADVEEZ.pdf\" target=\"_blank\" download=\"Certificat ISO 9001\">\n\t\t\t\t\t\t\t<img loading=\"lazy\" decoding=\"async\" width=\"209\" height=\"300\" src=\"https:\/\/adveez.com\/wp-content\/uploads\/2025\/05\/photo-iso-209x300.png\" class=\"elementor-animation-float attachment-medium size-medium wp-image-2380388\" alt=\"\" srcset=\"https:\/\/adveez.com\/wp-content\/uploads\/2025\/05\/photo-iso-209x300.png 209w, https:\/\/adveez.com\/wp-content\/uploads\/2025\/05\/photo-iso.png 557w\" sizes=\"(max-width: 209px) 100vw, 209px\" \/>\t\t\t\t\t\t\t\t<\/a>\n\t\t\t\t\t\t\t\t\t\t\t<figcaption class=\"widget-image-caption wp-caption-text\">Certificat ISO 9001<\/figcaption>\n\t\t\t\t\t\t\t\t\t\t<\/figure>\n\t\t\t\t\t\t\t\t\t<\/div>\n\t\t\t\t<\/div>\n\t\t\t\t\t<\/div>\n\t\t<\/div>\n\t\t\t\t\t<\/div>\n\t\t<\/section>\n\t\t\t\t<section class=\"elementor-section elementor-top-section elementor-element elementor-element-da6c5f6 elementor-section-boxed elementor-section-height-default elementor-section-height-default\" data-id=\"da6c5f6\" data-element_type=\"section\" data-e-type=\"section\" data-settings=\"{&quot;ekit_has_onepagescroll_dot&quot;:&quot;yes&quot;}\">\n\t\t\t\t\t\t<div class=\"elementor-container elementor-column-gap-default\">\n\t\t\t\t\t<div class=\"elementor-column elementor-col-100 elementor-top-column elementor-element elementor-element-2aa9b2d\" data-id=\"2aa9b2d\" data-element_type=\"column\" data-e-type=\"column\">\n\t\t\t<div class=\"elementor-widget-wrap elementor-element-populated\">\n\t\t\t\t\t\t<div class=\"elementor-element elementor-element-584633b de_scroll_animation_no elementor-widget elementor-widget-spacer\" data-id=\"584633b\" data-element_type=\"widget\" data-e-type=\"widget\" data-settings=\"{&quot;ekit_we_effect_on&quot;:&quot;none&quot;}\" data-widget_type=\"spacer.default\">\n\t\t\t\t<div class=\"elementor-widget-container\">\n\t\t\t\t\t\t\t<div class=\"elementor-spacer\">\n\t\t\t<div class=\"elementor-spacer-inner\"><\/div>\n\t\t<\/div>\n\t\t\t\t\t\t<\/div>\n\t\t\t\t<\/div>\n\t\t\t\t\t<\/div>\n\t\t<\/div>\n\t\t\t\t\t<\/div>\n\t\t<\/section>\n\t\t\t\t<\/div>\n\t\t","protected":false},"excerpt":{"rendered":"<p>Ressources Bienvenue sur notre page Ressources. Vous y trouverez des documents cl\u00e9s tels que notre certification ISO 9001, notre politique d\u2019achats et nos conditions g\u00e9n\u00e9rales d\u2019achat (CGA) \u2014 tous essentiels pour comprendre nos normes et engagements. Conditions G\u00e9n\u00e9rales d&rsquo;Achat Politique d&rsquo;Achat Responsable Politique Qualit\u00e9 Certificat ISO 9001<\/p>\n","protected":false},"author":7,"featured_media":0,"parent":0,"menu_order":0,"comment_status":"closed","ping_status":"closed","template":"","meta":{"_monsterinsights_skip_tracking":false,"_monsterinsights_sitenote_active":false,"_monsterinsights_sitenote_note":"","_monsterinsights_sitenote_category":0,"footnotes":""},"class_list":["post-2394044","page","type-page","status-publish","hentry"],"yoast_head":"<!-- This site is optimized with the Yoast SEO plugin v27.1.1 - https:\/\/yoast.com\/product\/yoast-seo-wordpress\/ -->\n<title>Ressources - ADVEEZ<\/title>\n<meta name=\"description\" content=\"Voici nos derni\u00e8res offres d&#039;emploi et de stage\" \/>\n<meta name=\"robots\" content=\"index, follow, max-snippet:-1, max-image-preview:large, max-video-preview:-1\" \/>\n<link rel=\"canonical\" href=\"https:\/\/adveez.com\/fr\/duplicated-offres-demploi-17070\/\" \/>\n<meta property=\"og:locale\" content=\"fr_FR\" \/>\n<meta property=\"og:type\" content=\"article\" \/>\n<meta property=\"og:title\" content=\"Ressources - ADVEEZ\" \/>\n<meta property=\"og:description\" content=\"Voici nos derni\u00e8res offres d&#039;emploi et de stage\" \/>\n<meta property=\"og:url\" content=\"https:\/\/adveez.com\/fr\/duplicated-offres-demploi-17070\/\" \/>\n<meta property=\"og:site_name\" content=\"ADVEEZ\" \/>\n<meta property=\"article:modified_time\" content=\"2025-06-02T07:39:04+00:00\" \/>\n<meta property=\"og:image\" content=\"https:\/\/adveez.com\/wp-content\/uploads\/2025\/05\/CGA-212x300.png\" \/>\n<meta name=\"twitter:card\" content=\"summary_large_image\" \/>\n<meta name=\"twitter:label1\" content=\"Dur\u00e9e de lecture estim\u00e9e\" \/>\n\t<meta name=\"twitter:data1\" content=\"2 minutes\" \/>\n<script type=\"application\/ld+json\" class=\"yoast-schema-graph\">{\"@context\":\"https:\/\/schema.org\",\"@graph\":[{\"@type\":\"WebPage\",\"@id\":\"https:\/\/adveez.com\/fr\/duplicated-offres-demploi-17070\/\",\"url\":\"https:\/\/adveez.com\/fr\/duplicated-offres-demploi-17070\/\",\"name\":\"Ressources - ADVEEZ\",\"isPartOf\":{\"@id\":\"https:\/\/adveez.com\/#website\"},\"primaryImageOfPage\":{\"@id\":\"https:\/\/adveez.com\/fr\/duplicated-offres-demploi-17070\/#primaryimage\"},\"image\":{\"@id\":\"https:\/\/adveez.com\/fr\/duplicated-offres-demploi-17070\/#primaryimage\"},\"thumbnailUrl\":\"https:\/\/adveez.com\/wp-content\/uploads\/2025\/05\/CGA-212x300.png\",\"datePublished\":\"2025-05-28T11:34:38+00:00\",\"dateModified\":\"2025-06-02T07:39:04+00:00\",\"description\":\"Voici nos derni\u00e8res offres d'emploi et de stage\",\"breadcrumb\":{\"@id\":\"https:\/\/adveez.com\/fr\/duplicated-offres-demploi-17070\/#breadcrumb\"},\"inLanguage\":\"fr-FR\",\"potentialAction\":[{\"@type\":\"ReadAction\",\"target\":[\"https:\/\/adveez.com\/fr\/duplicated-offres-demploi-17070\/\"]}]},{\"@type\":\"ImageObject\",\"inLanguage\":\"fr-FR\",\"@id\":\"https:\/\/adveez.com\/fr\/duplicated-offres-demploi-17070\/#primaryimage\",\"url\":\"https:\/\/adveez.com\/wp-content\/uploads\/2025\/05\/CGA-212x300.png\",\"contentUrl\":\"https:\/\/adveez.com\/wp-content\/uploads\/2025\/05\/CGA-212x300.png\"},{\"@type\":\"BreadcrumbList\",\"@id\":\"https:\/\/adveez.com\/fr\/duplicated-offres-demploi-17070\/#breadcrumb\",\"itemListElement\":[{\"@type\":\"ListItem\",\"position\":1,\"name\":\"Accueil\",\"item\":\"https:\/\/adveez.com\/fr\/\"},{\"@type\":\"ListItem\",\"position\":2,\"name\":\"Ressources\"}]},{\"@type\":\"WebSite\",\"@id\":\"https:\/\/adveez.com\/#website\",\"url\":\"https:\/\/adveez.com\/\",\"name\":\"ADVEEZ\",\"description\":\"Advanced &amp; Easy - Improve management of assets and users\",\"publisher\":{\"@id\":\"https:\/\/adveez.com\/#organization\"},\"alternateName\":\"ADVEEZ\",\"potentialAction\":[{\"@type\":\"SearchAction\",\"target\":{\"@type\":\"EntryPoint\",\"urlTemplate\":\"https:\/\/adveez.com\/?s={search_term_string}\"},\"query-input\":{\"@type\":\"PropertyValueSpecification\",\"valueRequired\":true,\"valueName\":\"search_term_string\"}}],\"inLanguage\":\"fr-FR\"},{\"@type\":\"Organization\",\"@id\":\"https:\/\/adveez.com\/#organization\",\"name\":\"ADVEEZ\",\"url\":\"https:\/\/adveez.com\/\",\"logo\":{\"@type\":\"ImageObject\",\"inLanguage\":\"fr-FR\",\"@id\":\"https:\/\/adveez.com\/#\/schema\/logo\/image\/\",\"url\":\"https:\/\/adveez.com\/wp-content\/uploads\/2022\/06\/ADVEEZ-logo-FOND-NOIR.png\",\"contentUrl\":\"https:\/\/adveez.com\/wp-content\/uploads\/2022\/06\/ADVEEZ-logo-FOND-NOIR.png\",\"width\":427,\"height\":74,\"caption\":\"ADVEEZ\"},\"image\":{\"@id\":\"https:\/\/adveez.com\/#\/schema\/logo\/image\/\"},\"sameAs\":[\"https:\/\/www.linkedin.com\/company\/adveez\/?original_referer=httpswww.adveez.com\",\"https:\/\/www.youtube.com\/channel\/UCei4E1oFPGKbrsLl3DD12Hg\"]}]}<\/script>\n<!-- \/ Yoast SEO plugin. -->","yoast_head_json":{"title":"Ressources - ADVEEZ","description":"Voici nos derni\u00e8res offres d'emploi et de stage","robots":{"index":"index","follow":"follow","max-snippet":"max-snippet:-1","max-image-preview":"max-image-preview:large","max-video-preview":"max-video-preview:-1"},"canonical":"https:\/\/adveez.com\/fr\/duplicated-offres-demploi-17070\/","og_locale":"fr_FR","og_type":"article","og_title":"Ressources - ADVEEZ","og_description":"Voici nos derni\u00e8res offres d'emploi et de stage","og_url":"https:\/\/adveez.com\/fr\/duplicated-offres-demploi-17070\/","og_site_name":"ADVEEZ","article_modified_time":"2025-06-02T07:39:04+00:00","og_image":[{"url":"https:\/\/adveez.com\/wp-content\/uploads\/2025\/05\/CGA-212x300.png","type":"","width":"","height":""}],"twitter_card":"summary_large_image","twitter_misc":{"Dur\u00e9e de lecture estim\u00e9e":"2 minutes"},"schema":{"@context":"https:\/\/schema.org","@graph":[{"@type":"WebPage","@id":"https:\/\/adveez.com\/fr\/duplicated-offres-demploi-17070\/","url":"https:\/\/adveez.com\/fr\/duplicated-offres-demploi-17070\/","name":"Ressources - ADVEEZ","isPartOf":{"@id":"https:\/\/adveez.com\/#website"},"primaryImageOfPage":{"@id":"https:\/\/adveez.com\/fr\/duplicated-offres-demploi-17070\/#primaryimage"},"image":{"@id":"https:\/\/adveez.com\/fr\/duplicated-offres-demploi-17070\/#primaryimage"},"thumbnailUrl":"https:\/\/adveez.com\/wp-content\/uploads\/2025\/05\/CGA-212x300.png","datePublished":"2025-05-28T11:34:38+00:00","dateModified":"2025-06-02T07:39:04+00:00","description":"Voici nos derni\u00e8res offres d'emploi et de stage","breadcrumb":{"@id":"https:\/\/adveez.com\/fr\/duplicated-offres-demploi-17070\/#breadcrumb"},"inLanguage":"fr-FR","potentialAction":[{"@type":"ReadAction","target":["https:\/\/adveez.com\/fr\/duplicated-offres-demploi-17070\/"]}]},{"@type":"ImageObject","inLanguage":"fr-FR","@id":"https:\/\/adveez.com\/fr\/duplicated-offres-demploi-17070\/#primaryimage","url":"https:\/\/adveez.com\/wp-content\/uploads\/2025\/05\/CGA-212x300.png","contentUrl":"https:\/\/adveez.com\/wp-content\/uploads\/2025\/05\/CGA-212x300.png"},{"@type":"BreadcrumbList","@id":"https:\/\/adveez.com\/fr\/duplicated-offres-demploi-17070\/#breadcrumb","itemListElement":[{"@type":"ListItem","position":1,"name":"Accueil","item":"https:\/\/adveez.com\/fr\/"},{"@type":"ListItem","position":2,"name":"Ressources"}]},{"@type":"WebSite","@id":"https:\/\/adveez.com\/#website","url":"https:\/\/adveez.com\/","name":"ADVEEZ","description":"Advanced &amp; Easy - Improve management of assets and users","publisher":{"@id":"https:\/\/adveez.com\/#organization"},"alternateName":"ADVEEZ","potentialAction":[{"@type":"SearchAction","target":{"@type":"EntryPoint","urlTemplate":"https:\/\/adveez.com\/?s={search_term_string}"},"query-input":{"@type":"PropertyValueSpecification","valueRequired":true,"valueName":"search_term_string"}}],"inLanguage":"fr-FR"},{"@type":"Organization","@id":"https:\/\/adveez.com\/#organization","name":"ADVEEZ","url":"https:\/\/adveez.com\/","logo":{"@type":"ImageObject","inLanguage":"fr-FR","@id":"https:\/\/adveez.com\/#\/schema\/logo\/image\/","url":"https:\/\/adveez.com\/wp-content\/uploads\/2022\/06\/ADVEEZ-logo-FOND-NOIR.png","contentUrl":"https:\/\/adveez.com\/wp-content\/uploads\/2022\/06\/ADVEEZ-logo-FOND-NOIR.png","width":427,"height":74,"caption":"ADVEEZ"},"image":{"@id":"https:\/\/adveez.com\/#\/schema\/logo\/image\/"},"sameAs":["https:\/\/www.linkedin.com\/company\/adveez\/?original_referer=httpswww.adveez.com","https:\/\/www.youtube.com\/channel\/UCei4E1oFPGKbrsLl3DD12Hg"]}]}},"_links":{"self":[{"href":"https:\/\/adveez.com\/fr\/wp-json\/wp\/v2\/pages\/2394044","targetHints":{"allow":["GET"]}}],"collection":[{"href":"https:\/\/adveez.com\/fr\/wp-json\/wp\/v2\/pages"}],"about":[{"href":"https:\/\/adveez.com\/fr\/wp-json\/wp\/v2\/types\/page"}],"author":[{"embeddable":true,"href":"https:\/\/adveez.com\/fr\/wp-json\/wp\/v2\/users\/7"}],"replies":[{"embeddable":true,"href":"https:\/\/adveez.com\/fr\/wp-json\/wp\/v2\/comments?post=2394044"}],"version-history":[{"count":25,"href":"https:\/\/adveez.com\/fr\/wp-json\/wp\/v2\/pages\/2394044\/revisions"}],"predecessor-version":[{"id":2405633,"href":"https:\/\/adveez.com\/fr\/wp-json\/wp\/v2\/pages\/2394044\/revisions\/2405633"}],"wp:attachment":[{"href":"https:\/\/adveez.com\/fr\/wp-json\/wp\/v2\/media?parent=2394044"}],"curies":[{"name":"wp","href":"https:\/\/api.w.org\/{rel}","templated":true}]}}